{"id":21864,"date":"2025-02-19T18:33:54","date_gmt":"2025-02-19T18:33:54","guid":{"rendered":"https:\/\/kensoh-store.com\/?post_type=product&#038;p=21864"},"modified":"2025-02-25T19:40:55","modified_gmt":"2025-02-25T19:40:55","slug":"congelateur-doccasion-allemange","status":"publish","type":"product","link":"https:\/\/kensoh-store.com\/index.php\/product\/congelateur-doccasion-allemange\/","title":{"rendered":"Congelateur d&rsquo;occasion allemande"},"content":{"rendered":"<p>Cong\u00e9lateur en top \u00e9tat 300L. En Mer, direction cameroun. R\u00e9servez ce Produit et Profitez d&rsquo;un rabis exceptionnel %%%<\/p>\n","protected":false},"excerpt":{"rendered":"<p>congelateur, occasion allemande, En mer par Bateau pour le Cameroun!<\/p>\n","protected":false},"featured_media":21845,"template":"","meta":{"_joinchat":[]},"product_cat":[421],"product_tag":[],"_links":{"self":[{"href":"https:\/\/kensoh-store.com\/index.php\/wp-json\/wp\/v2\/product\/21864"}],"collection":[{"href":"https:\/\/kensoh-store.com\/index.php\/wp-json\/wp\/v2\/product"}],"about":[{"href":"https:\/\/kensoh-store.com\/index.php\/wp-json\/wp\/v2\/types\/product"}],"wp:featuredmedia":[{"embeddable":true,"href":"https:\/\/kensoh-store.com\/index.php\/wp-json\/wp\/v2\/media\/21845"}],"wp:attachment":[{"href":"https:\/\/kensoh-store.com\/index.php\/wp-json\/wp\/v2\/media?parent=21864"}],"wp:term":[{"taxonomy":"product_cat","embeddable":true,"href":"https:\/\/kensoh-store.com\/index.php\/wp-json\/wp\/v2\/product_cat?post=21864"},{"taxonomy":"product_tag","embeddable":true,"href":"https:\/\/kensoh-store.com\/index.php\/wp-json\/wp\/v2\/product_tag?post=21864"}],"curies":[{"name":"wp","href":"https:\/\/api.w.org\/{rel}","templated":true}]}}