{"id":21853,"date":"2025-02-13T07:35:35","date_gmt":"2025-02-13T07:35:35","guid":{"rendered":"https:\/\/kensoh-store.com\/?post_type=product&#038;p=21853"},"modified":"2025-02-19T18:56:03","modified_gmt":"2025-02-19T18:56:03","slug":"toyota-yaris-2005","status":"publish","type":"product","link":"https:\/\/kensoh-store.com\/index.php\/product\/toyota-yaris-2005\/","title":{"rendered":"Yaris Grise"},"content":{"rendered":"","protected":false},"excerpt":{"rendered":"<p>Toyota Yaris 2005, Occasion allemande , 165000 km, \u00e9ssence 1.0 , Climatis\u00e9 et en top \u00e9tat<\/p>\n","protected":false},"featured_media":21841,"template":"","meta":{"_joinchat":[]},"product_cat":[64],"product_tag":[],"_links":{"self":[{"href":"https:\/\/kensoh-store.com\/index.php\/wp-json\/wp\/v2\/product\/21853"}],"collection":[{"href":"https:\/\/kensoh-store.com\/index.php\/wp-json\/wp\/v2\/product"}],"about":[{"href":"https:\/\/kensoh-store.com\/index.php\/wp-json\/wp\/v2\/types\/product"}],"wp:featuredmedia":[{"embeddable":true,"href":"https:\/\/kensoh-store.com\/index.php\/wp-json\/wp\/v2\/media\/21841"}],"wp:attachment":[{"href":"https:\/\/kensoh-store.com\/index.php\/wp-json\/wp\/v2\/media?parent=21853"}],"wp:term":[{"taxonomy":"product_cat","embeddable":true,"href":"https:\/\/kensoh-store.com\/index.php\/wp-json\/wp\/v2\/product_cat?post=21853"},{"taxonomy":"product_tag","embeddable":true,"href":"https:\/\/kensoh-store.com\/index.php\/wp-json\/wp\/v2\/product_tag?post=21853"}],"curies":[{"name":"wp","href":"https:\/\/api.w.org\/{rel}","templated":true}]}}