{"id":6675,"date":"2022-04-13T02:46:10","date_gmt":"2022-04-13T02:46:10","guid":{"rendered":"https:\/\/demo3.drfuri.com\/motta\/?page_id=13"},"modified":"2025-07-17T04:28:51","modified_gmt":"2025-07-17T04:28:51","slug":"tracking","status":"publish","type":"page","link":"https:\/\/kensoh-store.com\/index.php\/tracking\/","title":{"rendered":"Traking"},"content":{"rendered":"\t\t<div data-elementor-type=\"wp-page\" data-elementor-id=\"6675\" class=\"elementor elementor-6675\">\n\t\t\t\t\t\t<section class=\"elementor-section elementor-top-section elementor-element elementor-element-3c70f15b elementor-section-stretched elementor-section-height-min-height elementor-section-boxed elementor-section-height-default elementor-section-items-middle motta-responsive-column motta-tablet-column--default motta-responsive-column motta-mobile-column--default\" data-id=\"3c70f15b\" data-element_type=\"section\" data-settings=\"{&quot;stretch_section&quot;:&quot;section-stretched&quot;,&quot;background_background&quot;:&quot;classic&quot;}\">\n\t\t\t\t\t\t\t<div class=\"elementor-background-overlay\"><\/div>\n\t\t\t\t\t\t\t<div class=\"elementor-container elementor-column-gap-default\">\n\t\t\t\t\t<div class=\"elementor-column elementor-col-33 elementor-top-column elementor-element elementor-element-50f1962c elementor-invisible\" data-id=\"50f1962c\" data-element_type=\"column\" data-settings=\"{&quot;background_background&quot;:&quot;classic&quot;,&quot;animation&quot;:&quot;fadeInLeft&quot;}\">\n\t\t\t<div class=\"elementor-widget-wrap elementor-element-populated\">\n\t\t\t\t\t\t<div class=\"elementor-element elementor-element-2c4e185b elementor-widget elementor-widget-motta-heading\" data-id=\"2c4e185b\" data-element_type=\"widget\" data-widget_type=\"motta-heading.default\">\n\t\t\t\t<div class=\"elementor-widget-container\">\n\t\t\t\t\t<div class=\"motta-heading-elementor motta-heading__button-on\">\r\n\t\t\t\t<div class=\"motta-heading motta-heading--default\">\r\n\t\t\t\t\tProchain ramassage\t\t\t\t<\/div>\r\n\t\t\t\t\t\t\t<\/div>\r\n\t\t\t\t<\/div>\n\t\t\t\t<\/div>\n\t\t\t\t<div class=\"elementor-element elementor-element-df22cd0 elementor-view-default elementor-invisible elementor-widget elementor-widget-icon\" data-id=\"df22cd0\" data-element_type=\"widget\" data-settings=\"{&quot;_animation&quot;:&quot;fadeIn&quot;}\" data-widget_type=\"icon.default\">\n\t\t\t\t<div class=\"elementor-widget-container\">\n\t\t\t\t\t<div class=\"elementor-icon-wrapper\">\n\t\t\t<div class=\"elementor-icon\">\n\t\t\t<svg aria-hidden=\"true\" class=\"e-font-icon-svg e-fas-box-open\" viewBox=\"0 0 640 512\" xmlns=\"http:\/\/www.w3.org\/2000\/svg\"><path d=\"M425.7 256c-16.9 0-32.8-9-41.4-23.4L320 126l-64.2 106.6c-8.7 14.5-24.6 23.5-41.5 23.5-4.5 0-9-.6-13.3-1.9L64 215v178c0 14.7 10 27.5 24.2 31l216.2 54.1c10.2 2.5 20.9 2.5 31 0L551.8 424c14.2-3.6 24.2-16.4 24.2-31V215l-137 39.1c-4.3 1.3-8.8 1.9-13.3 1.9zm212.6-112.2L586.8 41c-3.1-6.2-9.8-9.8-16.7-8.9L320 64l91.7 152.1c3.8 6.3 11.4 9.3 18.5 7.3l197.9-56.5c9.9-2.9 14.7-13.9 10.2-23.1zM53.2 41L1.7 143.8c-4.6 9.2.3 20.2 10.1 23l197.9 56.5c7.1 2 14.7-1 18.5-7.3L320 64 69.8 32.1c-6.9-.8-13.5 2.7-16.6 8.9z\"><\/path><\/svg>\t\t\t<\/div>\n\t\t<\/div>\n\t\t\t\t<\/div>\n\t\t\t\t<\/div>\n\t\t\t\t<div class=\"elementor-element elementor-element-3a44669 elementor-invisible elementor-widget elementor-widget-motta-heading\" data-id=\"3a44669\" data-element_type=\"widget\" data-settings=\"{&quot;_animation&quot;:&quot;fadeInDown&quot;}\" data-widget_type=\"motta-heading.default\">\n\t\t\t\t<div class=\"elementor-widget-container\">\n\t\t\t\t\t<div class=\"motta-heading-elementor motta-heading__button-on\">\r\n\t\t\t\t<div class=\"motta-heading motta-heading--default\">\r\n\t\t\t\t\tJuillet 2025\t\t\t\t<\/div>\r\n\t\t\t\t\t\t\t<\/div>\r\n\t\t\t\t<\/div>\n\t\t\t\t<\/div>\n\t\t\t\t\t<\/div>\n\t\t<\/div>\n\t\t\t\t<div class=\"elementor-column elementor-col-33 elementor-top-column elementor-element elementor-element-3985561 elementor-invisible\" data-id=\"3985561\" data-element_type=\"column\" data-settings=\"{&quot;background_background&quot;:&quot;classic&quot;,&quot;animation&quot;:&quot;fadeInLeft&quot;,&quot;animation_delay&quot;:300}\">\n\t\t\t<div class=\"elementor-widget-wrap elementor-element-populated\">\n\t\t\t\t\t\t<div class=\"elementor-element elementor-element-9f5f041 elementor-widget elementor-widget-motta-heading\" data-id=\"9f5f041\" data-element_type=\"widget\" data-widget_type=\"motta-heading.default\">\n\t\t\t\t<div class=\"elementor-widget-container\">\n\t\t\t\t\t<div class=\"motta-heading-elementor motta-heading__button-on\">\r\n\t\t\t\t<div class=\"motta-heading motta-heading--default\">\r\n\t\t\t\t\tProchain d\u00e9part maritime\t\t\t\t<\/div>\r\n\t\t\t\t\t\t\t<\/div>\r\n\t\t\t\t<\/div>\n\t\t\t\t<\/div>\n\t\t\t\t<div class=\"elementor-element elementor-element-58263d9 elementor-view-default elementor-invisible elementor-widget elementor-widget-icon\" data-id=\"58263d9\" data-element_type=\"widget\" data-settings=\"{&quot;_animation&quot;:&quot;fadeIn&quot;}\" data-widget_type=\"icon.default\">\n\t\t\t\t<div class=\"elementor-widget-container\">\n\t\t\t\t\t<div class=\"elementor-icon-wrapper\">\n\t\t\t<div class=\"elementor-icon\">\n\t\t\t<svg aria-hidden=\"true\" class=\"e-font-icon-svg e-fas-ship\" viewBox=\"0 0 640 512\" xmlns=\"http:\/\/www.w3.org\/2000\/svg\"><path d=\"M496.616 372.639l70.012-70.012c16.899-16.9 9.942-45.771-12.836-53.092L512 236.102V96c0-17.673-14.327-32-32-32h-64V24c0-13.255-10.745-24-24-24H248c-13.255 0-24 10.745-24 24v40h-64c-17.673 0-32 14.327-32 32v140.102l-41.792 13.433c-22.753 7.313-29.754 36.173-12.836 53.092l70.012 70.012C125.828 416.287 85.587 448 24 448c-13.255 0-24 10.745-24 24v16c0 13.255 10.745 24 24 24 61.023 0 107.499-20.61 143.258-59.396C181.677 487.432 216.021 512 256 512h128c39.979 0 74.323-24.568 88.742-59.396C508.495 491.384 554.968 512 616 512c13.255 0 24-10.745 24-24v-16c0-13.255-10.745-24-24-24-60.817 0-101.542-31.001-119.384-75.361zM192 128h256v87.531l-118.208-37.995a31.995 31.995 0 0 0-19.584 0L192 215.531V128z\"><\/path><\/svg>\t\t\t<\/div>\n\t\t<\/div>\n\t\t\t\t<\/div>\n\t\t\t\t<\/div>\n\t\t\t\t<div class=\"elementor-element elementor-element-b297eee elementor-invisible elementor-widget elementor-widget-motta-heading\" data-id=\"b297eee\" data-element_type=\"widget\" data-settings=\"{&quot;_animation&quot;:&quot;fadeInDown&quot;}\" data-widget_type=\"motta-heading.default\">\n\t\t\t\t<div class=\"elementor-widget-container\">\n\t\t\t\t\t<div class=\"motta-heading-elementor motta-heading__button-on\">\r\n\t\t\t\t<div class=\"motta-heading motta-heading--default\">\r\n\t\t\t\t\t02 Ao\u00fbt 2025\t\t\t\t<\/div>\r\n\t\t\t\t\t\t\t<\/div>\r\n\t\t\t\t<\/div>\n\t\t\t\t<\/div>\n\t\t\t\t\t<\/div>\n\t\t<\/div>\n\t\t\t\t<div class=\"elementor-column elementor-col-33 elementor-top-column elementor-element elementor-element-2fef7b2 elementor-invisible\" data-id=\"2fef7b2\" data-element_type=\"column\" data-settings=\"{&quot;background_background&quot;:&quot;classic&quot;,&quot;animation&quot;:&quot;fadeInLeft&quot;,&quot;animation_delay&quot;:500}\">\n\t\t\t<div class=\"elementor-widget-wrap elementor-element-populated\">\n\t\t\t\t\t\t<div class=\"elementor-element elementor-element-365bdfd elementor-widget elementor-widget-motta-heading\" data-id=\"365bdfd\" data-element_type=\"widget\" data-widget_type=\"motta-heading.default\">\n\t\t\t\t<div class=\"elementor-widget-container\">\n\t\t\t\t\t<div class=\"motta-heading-elementor motta-heading__button-on\">\r\n\t\t\t\t<div class=\"motta-heading motta-heading--default\">\r\n\t\t\t\t\tProchain d\u00e9part A\u00e9rien\t\t\t\t<\/div>\r\n\t\t\t\t\t\t\t<\/div>\r\n\t\t\t\t<\/div>\n\t\t\t\t<\/div>\n\t\t\t\t<div class=\"elementor-element elementor-element-dfacc8a elementor-view-default elementor-invisible elementor-widget elementor-widget-icon\" data-id=\"dfacc8a\" data-element_type=\"widget\" data-settings=\"{&quot;_animation&quot;:&quot;fadeIn&quot;}\" data-widget_type=\"icon.default\">\n\t\t\t\t<div class=\"elementor-widget-container\">\n\t\t\t\t\t<div class=\"elementor-icon-wrapper\">\n\t\t\t<div class=\"elementor-icon\">\n\t\t\t<svg aria-hidden=\"true\" class=\"e-font-icon-svg e-fas-plane-departure\" viewBox=\"0 0 640 512\" xmlns=\"http:\/\/www.w3.org\/2000\/svg\"><path d=\"M624 448H16c-8.84 0-16 7.16-16 16v32c0 8.84 7.16 16 16 16h608c8.84 0 16-7.16 16-16v-32c0-8.84-7.16-16-16-16zM80.55 341.27c6.28 6.84 15.1 10.72 24.33 10.71l130.54-.18a65.62 65.62 0 0 0 29.64-7.12l290.96-147.65c26.74-13.57 50.71-32.94 67.02-58.31 18.31-28.48 20.3-49.09 13.07-63.65-7.21-14.57-24.74-25.27-58.25-27.45-29.85-1.94-59.54 5.92-86.28 19.48l-98.51 49.99-218.7-82.06a17.799 17.799 0 0 0-18-1.11L90.62 67.29c-10.67 5.41-13.25 19.65-5.17 28.53l156.22 98.1-103.21 52.38-72.35-36.47a17.804 17.804 0 0 0-16.07.02L9.91 230.22c-10.44 5.3-13.19 19.12-5.57 28.08l76.21 82.97z\"><\/path><\/svg>\t\t\t<\/div>\n\t\t<\/div>\n\t\t\t\t<\/div>\n\t\t\t\t<\/div>\n\t\t\t\t<div class=\"elementor-element elementor-element-782a6fb elementor-invisible elementor-widget elementor-widget-motta-heading\" data-id=\"782a6fb\" data-element_type=\"widget\" data-settings=\"{&quot;_animation&quot;:&quot;fadeInDown&quot;}\" data-widget_type=\"motta-heading.default\">\n\t\t\t\t<div class=\"elementor-widget-container\">\n\t\t\t\t\t<div class=\"motta-heading-elementor motta-heading__button-on\">\r\n\t\t\t\t<div class=\"motta-heading motta-heading--default\">\r\n\t\t\t\t\tindisponible\t\t\t\t<\/div>\r\n\t\t\t\t\t\t\t<\/div>\r\n\t\t\t\t<\/div>\n\t\t\t\t<\/div>\n\t\t\t\t\t<\/div>\n\t\t<\/div>\n\t\t\t\t\t<\/div>\n\t\t<\/section>\n\t\t\t\t<section class=\"elementor-section elementor-top-section elementor-element elementor-element-6eb23444 elementor-section-height-min-height elementor-section-stretched elementor-section-boxed elementor-section-height-default elementor-section-items-middle motta-responsive-column motta-tablet-column--default motta-responsive-column motta-mobile-column--default\" data-id=\"6eb23444\" data-element_type=\"section\" data-settings=\"{&quot;stretch_section&quot;:&quot;section-stretched&quot;,&quot;background_background&quot;:&quot;classic&quot;}\">\n\t\t\t\t\t\t<div class=\"elementor-container elementor-column-gap-default\">\n\t\t\t\t\t<div class=\"elementor-column elementor-col-100 elementor-top-column elementor-element elementor-element-4ef425fb\" data-id=\"4ef425fb\" data-element_type=\"column\">\n\t\t\t<div class=\"elementor-widget-wrap\">\n\t\t\t\t\t\t\t<\/div>\n\t\t<\/div>\n\t\t\t\t\t<\/div>\n\t\t<\/section>\n\t\t\t\t<section class=\"elementor-section elementor-top-section elementor-element elementor-element-657c62af elementor-section-stretched elementor-section-boxed elementor-section-height-default elementor-section-height-default motta-responsive-column motta-tablet-column--default motta-responsive-column motta-mobile-column--default\" data-id=\"657c62af\" data-element_type=\"section\" data-settings=\"{&quot;stretch_section&quot;:&quot;section-stretched&quot;,&quot;background_background&quot;:&quot;classic&quot;}\">\n\t\t\t\t\t\t<div class=\"elementor-container elementor-column-gap-default\">\n\t\t\t\t\t<div class=\"elementor-column elementor-col-100 elementor-top-column elementor-element elementor-element-665915e5\" data-id=\"665915e5\" data-element_type=\"column\">\n\t\t\t<div class=\"elementor-widget-wrap elementor-element-populated\">\n\t\t\t\t\t\t<div class=\"elementor-element elementor-element-24a87185 elementor-widget elementor-widget-motta-heading\" data-id=\"24a87185\" data-element_type=\"widget\" data-widget_type=\"motta-heading.default\">\n\t\t\t\t<div class=\"elementor-widget-container\">\n\t\t\t\t\t<div class=\"motta-heading-elementor motta-heading__button-on\">\r\n\t\t\t\t<p class=\"motta-heading motta-heading--default\">\r\n\t\t\t\t\tSuivez vos colis en fonction des dates de d\u00e9part  ci-apr\u00e8s\t\t\t\t<\/p>\r\n\t\t\t\t\t\t\t<\/div>\r\n\t\t\t\t<\/div>\n\t\t\t\t<\/div>\n\t\t\t\t<div class=\"elementor-element elementor-element-f0132d5 elementor-widget elementor-widget-text-editor\" data-id=\"f0132d5\" data-element_type=\"widget\" data-widget_type=\"text-editor.default\">\n\t\t\t\t<div class=\"elementor-widget-container\">\n\t\t\t<style>\/*! elementor - v3.20.0 - 26-03-2024 *\/\n.elementor-widget-text-editor.elementor-drop-cap-view-stacked .elementor-drop-cap{background-color:#69727d;color:#fff}.elementor-widget-text-editor.elementor-drop-cap-view-framed .elementor-drop-cap{color:#69727d;border:3px solid;background-color:transparent}.elementor-widget-text-editor:not(.elementor-drop-cap-view-default) .elementor-drop-cap{margin-top:8px}.elementor-widget-text-editor:not(.elementor-drop-cap-view-default) .elementor-drop-cap-letter{width:1em;height:1em}.elementor-widget-text-editor .elementor-drop-cap{float:left;text-align:center;line-height:1;font-size:50px}.elementor-widget-text-editor .elementor-drop-cap-letter{display:inline-block}<\/style>\t\t\t\t\n<table id=\"tablepress-1\" class=\"tablepress tablepress-id-1\">\n<thead>\n<tr class=\"row-1 odd\">\n\t<th class=\"column-1\"><strong>Date de d\u00e9part<\/strong><\/th><th class=\"column-2\"><strong>Description<\/strong><\/th><th class=\"column-3\"><strong>Lien<\/strong><\/th>\n<\/tr>\n<\/thead>\n<tbody class=\"row-hover\">\n<tr class=\"row-2 even\">\n\t<td class=\"column-1\">Suivez vos colis en toute aisance<\/td><td class=\"column-2\"> <a href=\"https:\/\/www.msc.com\/en\/track-a-shipment\">MSC Tracking_Conteneur en Mer<\/td><td class=\"column-3\"><a href=\"https:\/\/www.msc.com\/en\/track-a-shipment\" rel=\"noopener\" target=\"_blank\">Cliquez pour voir la position<\/a><\/td>\n<\/tr>\n<\/tbody>\n<\/table>\n<!-- #tablepress-1 from cache -->\t\t\t\t\t\t<\/div>\n\t\t\t\t<\/div>\n\t\t\t\t\t<\/div>\n\t\t<\/div>\n\t\t\t\t\t<\/div>\n\t\t<\/section>\n\t\t\t\t<section class=\"elementor-section elementor-top-section elementor-element elementor-element-216b529f elementor-section-boxed elementor-section-height-default elementor-section-height-default motta-responsive-column motta-tablet-column--default motta-responsive-column motta-mobile-column--default\" data-id=\"216b529f\" data-element_type=\"section\">\n\t\t\t\t\t\t<div class=\"elementor-container elementor-column-gap-default\">\n\t\t\t\t\t<div class=\"elementor-column elementor-col-100 elementor-top-column elementor-element elementor-element-3064f567\" data-id=\"3064f567\" data-element_type=\"column\">\n\t\t\t<div class=\"elementor-widget-wrap elementor-element-populated\">\n\t\t\t\t\t\t<div class=\"elementor-element elementor-element-6e306c2 elementor-widget elementor-widget-motta-heading\" data-id=\"6e306c2\" data-element_type=\"widget\" data-widget_type=\"motta-heading.default\">\n\t\t\t\t<div class=\"elementor-widget-container\">\n\t\t\t\t\t<div class=\"motta-heading-elementor motta-heading__button-on\">\r\n\t\t\t\t<p class=\"motta-heading motta-heading--default\">\r\n\t\t\t\t\tVous-vous posez des questions ?\t\t\t\t<\/p>\r\n\t\t\t\t\t\t\t<\/div>\r\n\t\t\t\t<\/div>\n\t\t\t\t<\/div>\n\t\t\t\t<div class=\"elementor-element elementor-element-202795d1 elementor-widget elementor-widget-motta-heading\" data-id=\"202795d1\" data-element_type=\"widget\" data-widget_type=\"motta-heading.default\">\n\t\t\t\t<div class=\"elementor-widget-container\">\n\t\t\t\t\t<div class=\"motta-heading-elementor motta-heading__button-on\">\r\n\t\t\t\t<h2 class=\"motta-heading motta-heading--default\">\r\n\t\t\t\t\tComment \u00e7a marche<br class=\"hidden-xs\" \/> sur Kensoh Store<br class=\"hidden-xs\" \/> \t\t\t\t<\/h2>\r\n\t\t\t\t\t\t\t<\/div>\r\n\t\t\t\t<\/div>\n\t\t\t\t<\/div>\n\t\t\t\t\t<\/div>\n\t\t<\/div>\n\t\t\t\t\t<\/div>\n\t\t<\/section>\n\t\t\t\t<section class=\"elementor-section elementor-top-section elementor-element elementor-element-535b4574 elementor-section-boxed elementor-section-height-default elementor-section-height-default motta-responsive-column motta-tablet-column--default motta-responsive-column motta-mobile-column--default\" data-id=\"535b4574\" data-element_type=\"section\">\n\t\t\t\t\t\t<div class=\"elementor-container elementor-column-gap-default\">\n\t\t\t\t\t<div class=\"elementor-column elementor-col-33 elementor-top-column elementor-element elementor-element-208b2bb9\" data-id=\"208b2bb9\" data-element_type=\"column\">\n\t\t\t<div class=\"elementor-widget-wrap elementor-element-populated\">\n\t\t\t\t\t\t<div class=\"elementor-element elementor-element-7624be4d motta-icon-box__icon-alignment--center motta-icon-box__icon-position--top elementor-widget elementor-widget-motta-icon-box\" data-id=\"7624be4d\" data-element_type=\"widget\" data-widget_type=\"motta-icon-box.default\">\n\t\t\t\t<div class=\"elementor-widget-container\">\n\t\t\t\t\t<div class=\"motta-icon-box icon-type-icon\">\r\n\t\t\t\t\t\t\t<div class=\"motta-icon-box__icon\">\r\n\t\t\t\t\t<span class=\"motta-svg-icon\"><svg xmlns=\"http:\/\/www.w3.org\/2000\/svg\" width=\"32\" height=\"32\" viewBox=\"0 0 32 32\"><title>choose-a-theme<\/title><path d=\"M28 0.667h-24c-1.473 0-2.667 1.193-2.667 2.667v25.333c0 1.473 1.193 2.667 2.667 2.667h24c1.473 0 2.667-1.193 2.667-2.667v-25.333c0-1.473-1.193-2.667-2.667-2.667zM29.333 28.667c0 0.733-0.6 1.333-1.333 1.333h-24c-0.733 0-1.333-0.6-1.333-1.333v-24h26.667v24z\"><\/path><path d=\"M7.333 16.667h6.667c0.733 0 1.333-0.6 1.333-1.333v-6.667c0-0.733-0.6-1.333-1.333-1.333h-6.667c-0.733 0-1.333 0.6-1.333 1.333v6.667c0 0.733 0.6 1.333 1.333 1.333zM6.933 8.667c0-0.22 0.18-0.4 0.4-0.4h6.667c0.22 0 0.4 0.18 0.4 0.4v6.667c0 0.22-0.18 0.4-0.4 0.4h-6.667c-0.22 0-0.4-0.18-0.4-0.4v-6.667z\"><\/path><path d=\"M7.167 27.387h6.667c0.733 0 1.333-0.6 1.333-1.333v-6.667c0-0.733-0.6-1.333-1.333-1.333h-6.667c-0.733 0-1.333 0.6-1.333 1.333v6.667c0 0.74 0.6 1.333 1.333 1.333zM6.773 19.387c0-0.22 0.18-0.4 0.4-0.4h6.667c0.22 0 0.4 0.18 0.4 0.4v6.667c0 0.22-0.18 0.4-0.4 0.4h-6.667c-0.22 0-0.4-0.18-0.4-0.4v-6.667z\"><\/path><path d=\"M18 27.333h6.667c0.733 0 1.333-0.6 1.333-1.333v-6.667c0-0.733-0.6-1.333-1.333-1.333h-6.667c-0.733 0-1.333 0.6-1.333 1.333v6.667c0 0.733 0.6 1.333 1.333 1.333zM17.6 19.333c0-0.22 0.18-0.4 0.4-0.4h6.667c0.22 0 0.4 0.18 0.4 0.4v6.667c0 0.22-0.18 0.4-0.4 0.4h-6.667c-0.22 0-0.4-0.18-0.4-0.4v-6.667z\"><\/path><path d=\"M18 16.667h6.667c0.733 0 1.333-0.6 1.333-1.333v-6.667c0-0.733-0.6-1.333-1.333-1.333h-6.667c-0.733 0-1.333 0.6-1.333 1.333v6.667c0 0.733 0.6 1.333 1.333 1.333zM19.567 11.267l1.193 1.193 2.333-2.333 0.707 0.707-3.040 3.040-1.9-1.9 0.707-0.707z\"><\/path><\/svg><\/span>\t\t\t\t<\/div>\r\n\t\t\t\t\t\t<div class=\"motta-icon-box__wrapper\">\r\n\t\t\t\t\t\t\t\t\t<h4 class=\"motta-icon-box__title\">Choisir un article dans notre boutique<\/h4>\r\n\t\t\t\t\t\t\t\t\t\t\t\t\t<div class=\"motta-icon-box__content\">Sur cette plateforme, vous pouvez vous rendre directement dans notre boutique et effectuer votre choix sur les articles que nous disposons par cat\u00e9gories et ajouter au panier.<\/div>\r\n\t\t\t\t\t\t\t\t\t\t\t<\/div>\r\n\t\t\t\t\t<\/div>\r\n\t\t\t\t<\/div>\n\t\t\t\t<\/div>\n\t\t\t\t\t<\/div>\n\t\t<\/div>\n\t\t\t\t<div class=\"elementor-column elementor-col-33 elementor-top-column elementor-element elementor-element-2c36898a\" data-id=\"2c36898a\" data-element_type=\"column\">\n\t\t\t<div class=\"elementor-widget-wrap elementor-element-populated\">\n\t\t\t\t\t\t<div class=\"elementor-element elementor-element-2b1b5982 motta-icon-box__icon-alignment--center motta-icon-box__icon-position--top elementor-widget elementor-widget-motta-icon-box\" data-id=\"2b1b5982\" data-element_type=\"widget\" data-widget_type=\"motta-icon-box.default\">\n\t\t\t\t<div class=\"elementor-widget-container\">\n\t\t\t\t\t<div class=\"motta-icon-box icon-type-icon\">\r\n\t\t\t\t\t\t\t<div class=\"motta-icon-box__icon\">\r\n\t\t\t\t\t<span class=\"motta-svg-icon\"><svg xmlns=\"http:\/\/www.w3.org\/2000\/svg\" width=\"32\" height=\"32\" viewBox=\"0 0 32 32\"><title>start-selling<\/title><path d=\"M28.4 1.867c-0.253-0.333-0.647-0.533-1.067-0.533h-22.667c-0.42 0-0.813 0.2-1.067 0.533l-3.6 4.8v3.327c0 1.593 1.12 3.013 2.667 3.28v14.727c0 1.473 1.193 2.667 2.667 2.667h21.333c1.473 0 2.667-1.193 2.667-2.667v-14.727c1.547-0.267 2.667-1.687 2.667-3.28v-3.327l-3.6-4.8zM26.667 29.393h-21.333c-0.767 0-1.393-0.627-1.393-1.393v-14.753c1.413-0.333 2.46-1.6 2.46-3.113 0 1.767 1.433 3.2 3.2 3.2s3.2-1.433 3.2-3.2c0 1.767 1.433 3.2 3.2 3.2s3.2-1.433 3.2-3.2c0 1.767 1.433 3.2 3.2 3.2s3.2-1.433 3.2-3.2c0 1.513 1.053 2.78 2.46 3.113v14.753c0 0.767-0.627 1.393-1.393 1.393z\"><\/path><path d=\"M20.773 17.167h2.807l-7.007 6.96-4.927-3.373-4.78 4.84 0.713 0.707 4.187-4.247 4.92 3.367 7.587-7.533v2.78h1v-4.5h-4.5z\"><\/path><\/svg><\/span>\t\t\t\t<\/div>\r\n\t\t\t\t\t\t<div class=\"motta-icon-box__wrapper\">\r\n\t\t\t\t\t\t\t\t\t<h4 class=\"motta-icon-box__title\">Acheter sur un autre site marchand<\/h4>\r\n\t\t\t\t\t\t\t\t\t\t\t\t\t<div class=\"motta-icon-box__content\">Si vous ne trouvez pas d'article dans notre boutique, envoyez nous directement les liens d'articles \u00e0 travers les sites tels que Amazon, E-bay, Bauhaux, MediaMark Saturn,etc. \u200b<\/div>\r\n\t\t\t\t\t\t\t\t\t\t\t<\/div>\r\n\t\t\t\t\t<\/div>\r\n\t\t\t\t<\/div>\n\t\t\t\t<\/div>\n\t\t\t\t\t<\/div>\n\t\t<\/div>\n\t\t\t\t<div class=\"elementor-column elementor-col-33 elementor-top-column elementor-element elementor-element-1aab00b\" data-id=\"1aab00b\" data-element_type=\"column\">\n\t\t\t<div class=\"elementor-widget-wrap elementor-element-populated\">\n\t\t\t\t\t\t<div class=\"elementor-element elementor-element-542c932 motta-icon-box__icon-alignment--center motta-icon-box__icon-position--top elementor-widget elementor-widget-motta-icon-box\" data-id=\"542c932\" data-element_type=\"widget\" data-widget_type=\"motta-icon-box.default\">\n\t\t\t\t<div class=\"elementor-widget-container\">\n\t\t\t\t\t<div class=\"motta-icon-box icon-type-icon\">\r\n\t\t\t\t\t\t\t<div class=\"motta-icon-box__icon\">\r\n\t\t\t\t\t<span class=\"motta-svg-icon\"><svg aria-hidden=\"true\" class=\"e-font-icon-svg e-fab-whatsapp\" viewBox=\"0 0 448 512\" xmlns=\"http:\/\/www.w3.org\/2000\/svg\"><path d=\"M380.9 97.1C339 55.1 283.2 32 223.9 32c-122.4 0-222 99.6-222 222 0 39.1 10.2 77.3 29.6 111L0 480l117.7-30.9c32.4 17.7 68.9 27 106.1 27h.1c122.3 0 224.1-99.6 224.1-222 0-59.3-25.2-115-67.1-157zm-157 341.6c-33.2 0-65.7-8.9-94-25.7l-6.7-4-69.8 18.3L72 359.2l-4.4-7c-18.5-29.4-28.2-63.3-28.2-98.2 0-101.7 82.8-184.5 184.6-184.5 49.3 0 95.6 19.2 130.4 54.1 34.8 34.9 56.2 81.2 56.1 130.5 0 101.8-84.9 184.6-186.6 184.6zm101.2-138.2c-5.5-2.8-32.8-16.2-37.9-18-5.1-1.9-8.8-2.8-12.5 2.8-3.7 5.6-14.3 18-17.6 21.8-3.2 3.7-6.5 4.2-12 1.4-32.6-16.3-54-29.1-75.5-66-5.7-9.8 5.7-9.1 16.3-30.3 1.8-3.7.9-6.9-.5-9.7-1.4-2.8-12.5-30.1-17.1-41.2-4.5-10.8-9.1-9.3-12.5-9.5-3.2-.2-6.9-.2-10.6-.2-3.7 0-9.7 1.4-14.8 6.9-5.1 5.6-19.4 19-19.4 46.3 0 27.3 19.9 53.7 22.6 57.4 2.8 3.7 39.1 59.7 94.8 83.8 35.2 15.2 49 16.5 66.6 13.9 10.7-1.6 32.8-13.4 37.4-26.4 4.6-13 4.6-24.1 3.2-26.4-1.3-2.5-5-3.9-10.5-6.6z\"><\/path><\/svg><\/span>\t\t\t\t<\/div>\r\n\t\t\t\t\t\t<div class=\"motta-icon-box__wrapper\">\r\n\t\t\t\t\t\t\t\t\t<h4 class=\"motta-icon-box__title\">Assistance rapide et support whatsApp 24X7<\/h4>\r\n\t\t\t\t\t\t\t\t\t\t\t\t\t<div class=\"motta-icon-box__content\">Nous restons \u00e0 l'\u00e9coute de nos clients en tout temps pour r\u00e9pondre de mani\u00e8re pro active \u00e0 leur besoins<\/div>\r\n\t\t\t\t\t\t\t\t\t\t\t<\/div>\r\n\t\t\t\t\t<\/div>\r\n\t\t\t\t<\/div>\n\t\t\t\t<\/div>\n\t\t\t\t\t<\/div>\n\t\t<\/div>\n\t\t\t\t\t<\/div>\n\t\t<\/section>\n\t\t\t\t<\/div>\n\t\t","protected":false},"excerpt":{"rendered":"<p>Prochain ramassage Juillet 2025 Prochain d\u00e9part maritime 02 Ao\u00fbt 2025 Prochain d\u00e9part A\u00e9rien indisponible Suivez vos colis en fonction des dates de d\u00e9part ci-apr\u00e8s Vous-vous posez des questions ? Comment \u00e7a marche sur Kensoh Store choose-a-theme Choisir un article dans notre boutique Sur cette plateforme, vous pouvez vous rendre directement dans notre boutique et effectuer [&hellip;]<\/p>\n","protected":false},"author":1,"featured_media":0,"parent":0,"menu_order":0,"comment_status":"closed","ping_status":"closed","template":"","meta":{"_joinchat":[],"footnotes":""},"_links":{"self":[{"href":"https:\/\/kensoh-store.com\/index.php\/wp-json\/wp\/v2\/pages\/6675"}],"collection":[{"href":"https:\/\/kensoh-store.com\/index.php\/wp-json\/wp\/v2\/pages"}],"about":[{"href":"https:\/\/kensoh-store.com\/index.php\/wp-json\/wp\/v2\/types\/page"}],"author":[{"embeddable":true,"href":"https:\/\/kensoh-store.com\/index.php\/wp-json\/wp\/v2\/users\/1"}],"replies":[{"embeddable":true,"href":"https:\/\/kensoh-store.com\/index.php\/wp-json\/wp\/v2\/comments?post=6675"}],"version-history":[{"count":123,"href":"https:\/\/kensoh-store.com\/index.php\/wp-json\/wp\/v2\/pages\/6675\/revisions"}],"predecessor-version":[{"id":21887,"href":"https:\/\/kensoh-store.com\/index.php\/wp-json\/wp\/v2\/pages\/6675\/revisions\/21887"}],"wp:attachment":[{"href":"https:\/\/kensoh-store.com\/index.php\/wp-json\/wp\/v2\/media?parent=6675"}],"curies":[{"name":"wp","href":"https:\/\/api.w.org\/{rel}","templated":true}]}}