{"id":21165,"date":"2024-04-27T10:08:12","date_gmt":"2024-04-27T10:08:12","guid":{"rendered":"https:\/\/kensoh-store.com\/?page_id=21165"},"modified":"2024-08-05T20:00:22","modified_gmt":"2024-08-05T20:00:22","slug":"our-services","status":"publish","type":"page","link":"https:\/\/kensoh-store.com\/index.php\/our-services\/","title":{"rendered":"Our Services"},"content":{"rendered":"\t\t<div data-elementor-type=\"wp-page\" data-elementor-id=\"21165\" class=\"elementor elementor-21165\">\n\t\t\t\t\t\t<section class=\"elementor-section elementor-top-section elementor-element elementor-element-197db282 elementor-section-stretched elementor-section-height-min-height elementor-section-boxed elementor-section-height-default elementor-section-items-middle motta-responsive-column motta-tablet-column--default motta-responsive-column motta-mobile-column--default\" data-id=\"197db282\" data-element_type=\"section\" data-settings=\"{&quot;stretch_section&quot;:&quot;section-stretched&quot;,&quot;background_background&quot;:&quot;classic&quot;}\">\n\t\t\t\t\t\t\t<div class=\"elementor-background-overlay\"><\/div>\n\t\t\t\t\t\t\t<div class=\"elementor-container elementor-column-gap-default\">\n\t\t\t\t\t<div class=\"elementor-column elementor-col-100 elementor-top-column elementor-element elementor-element-d905981\" data-id=\"d905981\" data-element_type=\"column\">\n\t\t\t<div class=\"elementor-widget-wrap\">\n\t\t\t\t\t\t\t<\/div>\n\t\t<\/div>\n\t\t\t\t\t<\/div>\n\t\t<\/section>\n\t\t\t\t<section class=\"elementor-section elementor-top-section elementor-element elementor-element-36541cc6 elementor-section-height-min-height elementor-section-stretched elementor-section-boxed elementor-section-height-default elementor-section-items-middle motta-responsive-column motta-tablet-column--default motta-responsive-column motta-mobile-column--default\" data-id=\"36541cc6\" data-element_type=\"section\" data-settings=\"{&quot;stretch_section&quot;:&quot;section-stretched&quot;,&quot;background_background&quot;:&quot;classic&quot;}\">\n\t\t\t\t\t\t<div class=\"elementor-container elementor-column-gap-default\">\n\t\t\t\t\t<div class=\"elementor-column elementor-col-100 elementor-top-column elementor-element elementor-element-bc6fd9\" data-id=\"bc6fd9\" data-element_type=\"column\">\n\t\t\t<div class=\"elementor-widget-wrap\">\n\t\t\t\t\t\t\t<\/div>\n\t\t<\/div>\n\t\t\t\t\t<\/div>\n\t\t<\/section>\n\t\t\t\t<section class=\"elementor-section elementor-top-section elementor-element elementor-element-466b2f63 elementor-section-boxed elementor-section-height-default elementor-section-height-default motta-responsive-column motta-tablet-column--default motta-responsive-column motta-mobile-column--default\" data-id=\"466b2f63\" data-element_type=\"section\">\n\t\t\t\t\t\t<div class=\"elementor-container elementor-column-gap-default\">\n\t\t\t\t\t<div class=\"elementor-column elementor-col-100 elementor-top-column elementor-element elementor-element-75d27b88\" data-id=\"75d27b88\" data-element_type=\"column\">\n\t\t\t<div class=\"elementor-widget-wrap elementor-element-populated\">\n\t\t\t\t\t\t<div class=\"elementor-element elementor-element-597be814 elementor-widget elementor-widget-motta-heading\" data-id=\"597be814\" data-element_type=\"widget\" data-widget_type=\"motta-heading.default\">\n\t\t\t\t<div class=\"elementor-widget-container\">\n\t\t\t\t\t<div class=\"motta-heading-elementor motta-heading__button-on\">\r\n\t\t\t\t<p class=\"motta-heading motta-heading--default\">\r\n\t\t\t\t\tBien plus que de simples services\t\t\t\t<\/p>\r\n\t\t\t\t\t\t\t<\/div>\r\n\t\t\t\t<\/div>\n\t\t\t\t<\/div>\n\t\t\t\t<div class=\"elementor-element elementor-element-fff5b40 elementor-widget elementor-widget-motta-heading\" data-id=\"fff5b40\" data-element_type=\"widget\" data-widget_type=\"motta-heading.default\">\n\t\t\t\t<div class=\"elementor-widget-container\">\n\t\t\t\t\t<div class=\"motta-heading-elementor motta-heading__button-on\">\r\n\t\t\t\t<h2 class=\"motta-heading motta-heading--default\">\r\n\t\t\t\t\tNos domaines d'expertises\t\t\t\t<\/h2>\r\n\t\t\t\t\t\t\t<\/div>\r\n\t\t\t\t<\/div>\n\t\t\t\t<\/div>\n\t\t\t\t\t<\/div>\n\t\t<\/div>\n\t\t\t\t\t<\/div>\n\t\t<\/section>\n\t\t\t\t<section class=\"elementor-section elementor-top-section elementor-element elementor-element-4dc6ac7a elementor-section-boxed elementor-section-height-default elementor-section-height-default motta-responsive-column motta-tablet-column--default motta-responsive-column motta-mobile-column--default\" data-id=\"4dc6ac7a\" data-element_type=\"section\">\n\t\t\t\t\t\t<div class=\"elementor-container elementor-column-gap-default\">\n\t\t\t\t\t<div class=\"elementor-column elementor-col-33 elementor-top-column elementor-element elementor-element-278f0405 elementor-invisible\" data-id=\"278f0405\" data-element_type=\"column\" data-settings=\"{&quot;animation&quot;:&quot;fadeInUp&quot;,&quot;animation_delay&quot;:500}\">\n\t\t\t<div class=\"elementor-widget-wrap elementor-element-populated\">\n\t\t\t\t\t\t<div class=\"elementor-element elementor-element-e85e650 motta-image-box__image--before elementor-widget elementor-widget-motta-image-box\" data-id=\"e85e650\" data-element_type=\"widget\" data-widget_type=\"motta-image-box.default\">\n\t\t\t\t<div class=\"elementor-widget-container\">\n\t\t\t\t\t<div class=\"motta-image-box\">\n\t\t\t\t\t\t\t<img decoding=\"async\" src=\"https:\/\/kensoh-store.com\/wp-content\/uploads\/elementor\/thumbs\/ico-kensoh-groupage-qnbnfck0v8pkpkpcfev1shk5g7k246z0kbely4b6pc.png\" title=\"ico-kensoh-groupage\" alt=\"ico-kensoh-groupage\" loading=\"lazy\" \/>\t\t\t\t<div class=\"motta-image-box__summary\">\n\t\t\t\t\t<div class=\"motta-image-box__title\">Groupage de colis dans nos\ndiff\u00e9rentes zones de ramassage<\/div>\t\t\t\t\t<div class=\"motta-image-box__description\">1- Augsburg,  2- Ulm, Stuttgart, <br>3- M\u00fcnchen,  4- N\u00fcrnberg, Bamberg<\/div>\t\t\t\t<\/div>\n\t\t\t\t\n\t\t\t\t\n\t\t\t\t\t\t\t\t<\/div>\n\t\t\t\t<\/div>\n\t\t\t\t<\/div>\n\t\t\t\t\t<\/div>\n\t\t<\/div>\n\t\t\t\t<div class=\"elementor-column elementor-col-33 elementor-top-column elementor-element elementor-element-670d288 elementor-invisible\" data-id=\"670d288\" data-element_type=\"column\" data-settings=\"{&quot;animation&quot;:&quot;fadeInUp&quot;,&quot;animation_delay&quot;:600}\">\n\t\t\t<div class=\"elementor-widget-wrap elementor-element-populated\">\n\t\t\t\t\t\t<div class=\"elementor-element elementor-element-3030ebc motta-image-box__image--before elementor-widget elementor-widget-motta-image-box\" data-id=\"3030ebc\" data-element_type=\"widget\" data-widget_type=\"motta-image-box.default\">\n\t\t\t\t<div class=\"elementor-widget-container\">\n\t\t\t\t\t<div class=\"motta-image-box\">\n\t\t\t\t\t\t\t<img decoding=\"async\" src=\"https:\/\/kensoh-store.com\/wp-content\/uploads\/elementor\/thumbs\/ico-kensoh-transport-qnbnfj4w72ykyufsczpfrxwdlwnmm2p4x7z0b21fhs.png\" title=\"ico-kensoh-transport\" alt=\"ico-kensoh-transport\" loading=\"lazy\" \/>\t\t\t\t<div class=\"motta-image-box__summary\">\n\t\t\t\t\t<div class=\"motta-image-box__title\">Transport maritime et a\u00e9rien de l\u2019Allemagne vers le Cameroun<\/div>\t\t\t\t\t<div class=\"motta-image-box__description\">1- Augsburg,  2- Ulm, Stuttgart, <br>3- M\u00fcnchen,  4- N\u00fcrnberg, Bamberg<\/div>\t\t\t\t<\/div>\n\t\t\t\t\n\t\t\t\t\n\t\t\t\t\t\t\t\t<\/div>\n\t\t\t\t<\/div>\n\t\t\t\t<\/div>\n\t\t\t\t\t<\/div>\n\t\t<\/div>\n\t\t\t\t<div class=\"elementor-column elementor-col-33 elementor-top-column elementor-element elementor-element-c8faf27 elementor-invisible\" data-id=\"c8faf27\" data-element_type=\"column\" data-settings=\"{&quot;animation&quot;:&quot;fadeInUp&quot;,&quot;animation_delay&quot;:700}\">\n\t\t\t<div class=\"elementor-widget-wrap elementor-element-populated\">\n\t\t\t\t\t\t<div class=\"elementor-element elementor-element-2af8320 motta-image-box__image--before elementor-widget elementor-widget-motta-image-box\" data-id=\"2af8320\" data-element_type=\"widget\" data-widget_type=\"motta-image-box.default\">\n\t\t\t\t<div class=\"elementor-widget-container\">\n\t\t\t\t\t<div class=\"motta-image-box\">\n\t\t\t\t\t\t\t<img decoding=\"async\" src=\"https:\/\/kensoh-store.com\/wp-content\/uploads\/elementor\/thumbs\/ico-kensoh-produits-qnbnfgbdmkuq00jvtghk2glztr1iyzdxwu0jv85m0g.png\" title=\"ico-kensoh-produits\" alt=\"ico-kensoh-produits\" loading=\"lazy\" \/>\t\t\t\t<div class=\"motta-image-box__summary\">\n\t\t\t\t\t<div class=\"motta-image-box__title\">Achat sur commande des produits neufs et d\u2019occasions<\/div>\t\t\t\t\t<div class=\"motta-image-box__description\">V\u00e9hicules, V\u00e9los, Meubles, \u00e9lectrom\u00e9nager, Mat\u00e9riaux de construction,TV, ...etc<\/div>\t\t\t\t<\/div>\n\t\t\t\t\n\t\t\t\t\n\t\t\t\t\t\t\t\t<\/div>\n\t\t\t\t<\/div>\n\t\t\t\t<\/div>\n\t\t\t\t\t<\/div>\n\t\t<\/div>\n\t\t\t\t\t<\/div>\n\t\t<\/section>\n\t\t\t\t<section class=\"elementor-section elementor-top-section elementor-element elementor-element-0fd6eb3 elementor-section-boxed elementor-section-height-default elementor-section-height-default motta-responsive-column motta-tablet-column--default motta-responsive-column motta-mobile-column--default\" data-id=\"0fd6eb3\" data-element_type=\"section\">\n\t\t\t\t\t\t<div class=\"elementor-container elementor-column-gap-default\">\n\t\t\t\t\t<div class=\"elementor-column elementor-col-33 elementor-top-column elementor-element elementor-element-f7bea93 elementor-invisible\" data-id=\"f7bea93\" data-element_type=\"column\" data-settings=\"{&quot;animation&quot;:&quot;fadeInUp&quot;,&quot;animation_delay&quot;:800}\">\n\t\t\t<div class=\"elementor-widget-wrap elementor-element-populated\">\n\t\t\t\t\t\t<div class=\"elementor-element elementor-element-60807dc motta-image-box__image--before elementor-widget elementor-widget-motta-image-box\" data-id=\"60807dc\" data-element_type=\"widget\" data-widget_type=\"motta-image-box.default\">\n\t\t\t\t<div class=\"elementor-widget-container\">\n\t\t\t\t\t<div class=\"motta-image-box\">\n\t\t\t\t\t\t\t<img decoding=\"async\" src=\"https:\/\/kensoh-store.com\/wp-content\/uploads\/elementor\/thumbs\/ico-kensoh-online-sale-qnbnfefp8ws5csmm4foaxh32mzasjl6h8kpkwo8ecw.png\" title=\"ico-kensoh-online-sale\" alt=\"ico-kensoh-online-sale\" loading=\"lazy\" \/>\t\t\t\t<div class=\"motta-image-box__summary\">\n\t\t\t\t\t<div class=\"motta-image-box__title\">Vente en ligne des produits\nneufs et des occasions allemandes<\/div>\t\t\t\t\t<div class=\"motta-image-box__description\">Vous trouverez directement des articles sur notre boutique dans le menu boutique ci-apr\u00e8s<\/div>\t\t\t\t<\/div>\n\t\t\t\t\n\t\t\t\t\n\t\t\t\t\t<a class=\"motta-button motta-button-primary  motta-button--raised  motta-button--small  motta-shape--round\" href=\"https:\/\/kensoh-store.com\/index.php\/shop\/\">\n\t\t\t\t\t\t\t\t\t\t\t\t<span class=\"motta-button__text\">Boutique<\/span>\n\t\t\t\t\t\t<\/a>\n\t\t\t\t\t\t\t<\/div>\n\t\t\t\t<\/div>\n\t\t\t\t<\/div>\n\t\t\t\t\t<\/div>\n\t\t<\/div>\n\t\t\t\t<div class=\"elementor-column elementor-col-33 elementor-top-column elementor-element elementor-element-cfa1b60 elementor-invisible\" data-id=\"cfa1b60\" data-element_type=\"column\" data-settings=\"{&quot;animation&quot;:&quot;fadeInUp&quot;,&quot;animation_delay&quot;:900}\">\n\t\t\t<div class=\"elementor-widget-wrap elementor-element-populated\">\n\t\t\t\t\t\t<div class=\"elementor-element elementor-element-52343ec motta-image-box__image--before elementor-widget elementor-widget-motta-image-box\" data-id=\"52343ec\" data-element_type=\"widget\" data-widget_type=\"motta-image-box.default\">\n\t\t\t\t<div class=\"elementor-widget-container\">\n\t\t\t\t\t<div class=\"motta-image-box\">\n\t\t\t\t\t\t\t<a href=\"#\" class=\"motta-image-box__link\"><img decoding=\"async\" src=\"https:\/\/kensoh-store.com\/wp-content\/uploads\/elementor\/thumbs\/ico-kensoh-facilitator-qnbnfaochkn02cs2qe1sni189ftbosrjw23mzkdz1s.png\" title=\"ico-kensoh-facilitator\" alt=\"ico-kensoh-facilitator\" loading=\"lazy\" \/><\/a>\t\t\t\t<div class=\"motta-image-box__summary\">\n\t\t\t\t\t<a href=\"#\" class=\"motta-image-box__link\"><div class=\"motta-image-box__title\">Facilitateur d\u2019achat sur les plate- formes d\u2019e-commerce<\/div><\/a>\t\t\t\t\t<div class=\"motta-image-box__description\">Trouvez les articles sur les sites tels qu'Amazone, E-bay, Bauhaus, Saturn MediaMark, nous les acheterons pour vous et les livrerons sur place<\/div>\t\t\t\t<\/div>\n\t\t\t\t\n\t\t\t\t\n\t\t\t\t\t<a class=\"motta-button motta-button-primary  motta-button--raised  motta-button--small  motta-shape--round\" href=\"#\">\n\t\t\t\t\t\t\t\t\t\t\t\t<span class=\"motta-button__text\">En voir plus<\/span>\n\t\t\t\t\t\t<\/a>\n\t\t\t\t\t\t\t<\/div>\n\t\t\t\t<\/div>\n\t\t\t\t<\/div>\n\t\t\t\t\t<\/div>\n\t\t<\/div>\n\t\t\t\t<div class=\"elementor-column elementor-col-33 elementor-top-column elementor-element elementor-element-801e36b elementor-invisible\" data-id=\"801e36b\" data-element_type=\"column\" data-settings=\"{&quot;animation&quot;:&quot;fadeInUp&quot;,&quot;animation_delay&quot;:1000}\">\n\t\t\t<div class=\"elementor-widget-wrap elementor-element-populated\">\n\t\t\t\t\t\t<div class=\"elementor-element elementor-element-c5c0446 motta-image-box__image--before elementor-widget elementor-widget-motta-image-box\" data-id=\"c5c0446\" data-element_type=\"widget\" data-widget_type=\"motta-image-box.default\">\n\t\t\t\t<div class=\"elementor-widget-container\">\n\t\t\t\t\t<div class=\"motta-image-box\">\n\t\t\t\t\t\t\t<img decoding=\"async\" src=\"https:\/\/kensoh-store.com\/wp-content\/uploads\/elementor\/thumbs\/ico-kensoh-delivery-qnbnf8so3wkff4ut1d8jiiib2o2l9ek37sso10gre8.png\" title=\"ico-kensoh-delivery\" alt=\"ico-kensoh-delivery\" loading=\"lazy\" \/>\t\t\t\t<div class=\"motta-image-box__summary\">\n\t\t\t\t\t<div class=\"motta-image-box__title\">Entreposage, Transport et Livraison en Afrique Centrale<\/div>\t\t\t\t\t<div class=\"motta-image-box__description\">Actuellement nous livrons au Cameroun sur Douala et Yaound\u00e9, puis au Gabon sur Libreville.<\/div>\t\t\t\t<\/div>\n\t\t\t\t\n\t\t\t\t\n\t\t\t\t\t\t\t\t<\/div>\n\t\t\t\t<\/div>\n\t\t\t\t<\/div>\n\t\t\t\t\t<\/div>\n\t\t<\/div>\n\t\t\t\t\t<\/div>\n\t\t<\/section>\n\t\t\t\t<section class=\"elementor-section elementor-top-section elementor-element elementor-element-4078e983 elementor-section-stretched elementor-section-boxed elementor-section-height-default elementor-section-height-default motta-responsive-column motta-tablet-column--default motta-responsive-column motta-mobile-column--default\" data-id=\"4078e983\" data-element_type=\"section\" data-settings=\"{&quot;stretch_section&quot;:&quot;section-stretched&quot;}\">\n\t\t\t\t\t\t<div class=\"elementor-container elementor-column-gap-no\">\n\t\t\t\t\t<div class=\"elementor-column elementor-col-100 elementor-top-column elementor-element elementor-element-4ef37412\" data-id=\"4ef37412\" data-element_type=\"column\" data-settings=\"{&quot;background_background&quot;:&quot;classic&quot;}\">\n\t\t\t<div class=\"elementor-widget-wrap elementor-element-populated\">\n\t\t\t\t\t\t<section class=\"elementor-section elementor-inner-section elementor-element elementor-element-473f3871 elementor-section-full_width elementor-section-height-default elementor-section-height-default motta-responsive-column motta-tablet-column--default motta-responsive-column motta-mobile-column--default\" data-id=\"473f3871\" data-element_type=\"section\" data-settings=\"{&quot;background_background&quot;:&quot;classic&quot;}\">\n\t\t\t\t\t\t<div class=\"elementor-container elementor-column-gap-extended\">\n\t\t\t\t\t<div class=\"elementor-column elementor-col-33 elementor-inner-column elementor-element elementor-element-1619732 elementor-hidden-tablet elementor-hidden-mobile\" data-id=\"1619732\" data-element_type=\"column\">\n\t\t\t<div class=\"elementor-widget-wrap\">\n\t\t\t\t\t\t\t<\/div>\n\t\t<\/div>\n\t\t\t\t<div class=\"elementor-column elementor-col-33 elementor-inner-column elementor-element elementor-element-576eb5c2\" data-id=\"576eb5c2\" data-element_type=\"column\" data-settings=\"{&quot;background_background&quot;:&quot;classic&quot;}\">\n\t\t\t<div class=\"elementor-widget-wrap elementor-element-populated\">\n\t\t\t\t\t\t<div class=\"elementor-element elementor-element-2971b6b1 elementor-widget elementor-widget-motta-heading\" data-id=\"2971b6b1\" data-element_type=\"widget\" data-widget_type=\"motta-heading.default\">\n\t\t\t\t<div class=\"elementor-widget-container\">\n\t\t\t\t\t<div class=\"motta-heading-elementor motta-heading__button-on\">\r\n\t\t\t\t<p class=\"motta-heading motta-heading--default\">\r\n\t\t\t\t\tNos Atouts\t\t\t\t<\/p>\r\n\t\t\t\t\t\t\t<\/div>\r\n\t\t\t\t<\/div>\n\t\t\t\t<\/div>\n\t\t\t\t<div class=\"elementor-element elementor-element-7a76b7d7 elementor-widget elementor-widget-motta-heading\" data-id=\"7a76b7d7\" data-element_type=\"widget\" data-widget_type=\"motta-heading.default\">\n\t\t\t\t<div class=\"elementor-widget-container\">\n\t\t\t\t\t<div class=\"motta-heading-elementor motta-heading__button-on\">\r\n\t\t\t\t<div class=\"motta-heading motta-heading--default\">\r\n\t\t\t\t\tPourquoi\nChoisir\nKensoh\t\t\t\t<\/div>\r\n\t\t\t\t\t\t\t<\/div>\r\n\t\t\t\t<\/div>\n\t\t\t\t<\/div>\n\t\t\t\t\t<\/div>\n\t\t<\/div>\n\t\t\t\t<div class=\"elementor-column elementor-col-33 elementor-inner-column elementor-element elementor-element-20ab9375\" data-id=\"20ab9375\" data-element_type=\"column\">\n\t\t\t<div class=\"elementor-widget-wrap elementor-element-populated\">\n\t\t\t\t\t\t<div class=\"elementor-element elementor-element-34c7f605 elementor-widget elementor-widget-motta-checklist\" data-id=\"34c7f605\" data-element_type=\"widget\" data-widget_type=\"motta-checklist.default\">\n\t\t\t\t<div class=\"elementor-widget-container\">\n\t\t\t<div class=\"motta-checklist__item motta-checklist__item--a037a96 \"><div class=\"motta-checklist__icon\"><span class=\"motta-svg-icon motta-svg-icon--check\" ><svg width=\"24\" height=\"24\" aria-hidden=\"true\" role=\"img\" focusable=\"false\" viewBox=\"0 0 32 32\"><path d=\"M13.82 23.22l-6.88-6.88 2.12-2.12 4.76 4.76 9.12-9.14 2.12 2.12z\"><\/path><\/svg><\/span><\/div><div class=\"motta-checklist__wrapper\"><div class=\"motta-checklist__title\">Plus de 05 ann\u00e9es d'exp\u00e9rience<\/div><div class=\"motta-checklist__description\">La Maitrise d'un domaine s'acquiert avec un temps consid\u00e9rable !  avec plus de 50 conteneurs achemin\u00e9s vers le Cameroun, nous pouvons dire sans risque de nous tromper que nous sommes leader.<\/div><\/div><\/div><div class=\"motta-checklist__item motta-checklist__item--3ec9931 \"><div class=\"motta-checklist__icon\"><span class=\"motta-svg-icon motta-svg-icon--check\" ><svg width=\"24\" height=\"24\" aria-hidden=\"true\" role=\"img\" focusable=\"false\" viewBox=\"0 0 32 32\"><path d=\"M13.82 23.22l-6.88-6.88 2.12-2.12 4.76 4.76 9.12-9.14 2.12 2.12z\"><\/path><\/svg><\/span><\/div><div class=\"motta-checklist__wrapper\"><div class=\"motta-checklist__title\">Le Meilleur Rapport Qualit\u00e9\/Prix<\/div><div class=\"motta-checklist__description\">Parce que la satisfaction de nos clients est privil\u00e9gi\u00e9e, nous \u0153uvrons tous les jours pour optimiser la qualit\u00e9 de nos services en restant conscients que la r\u00e9mun\u00e9ration suivra naturellement sans faire d'extrapolation sur les co\u00fbts.<\/div><\/div><\/div><div class=\"motta-checklist__item motta-checklist__item--68611ef \"><div class=\"motta-checklist__icon\"><span class=\"motta-svg-icon motta-svg-icon--check\" ><svg width=\"24\" height=\"24\" aria-hidden=\"true\" role=\"img\" focusable=\"false\" viewBox=\"0 0 32 32\"><path d=\"M13.82 23.22l-6.88-6.88 2.12-2.12 4.76 4.76 9.12-9.14 2.12 2.12z\"><\/path><\/svg><\/span><\/div><div class=\"motta-checklist__wrapper\"><div class=\"motta-checklist__title\">Le Respect de d\u00e9lais<\/div><div class=\"motta-checklist__description\">Nous pratiquons les d\u00e9lais raisonnables en tenant compte des contraintes li\u00e9es \u00e0 la logistique, au transport et aux proc\u00e9dures douani\u00e8res de votre pays de destination<\/div><\/div><\/div><div class=\"motta-checklist__item motta-checklist__item--f7ed712 \"><div class=\"motta-checklist__icon\"><span class=\"motta-svg-icon motta-svg-icon--check\" ><svg width=\"24\" height=\"24\" aria-hidden=\"true\" role=\"img\" focusable=\"false\" viewBox=\"0 0 32 32\"><path d=\"M13.82 23.22l-6.88-6.88 2.12-2.12 4.76 4.76 9.12-9.14 2.12 2.12z\"><\/path><\/svg><\/span><\/div><div class=\"motta-checklist__wrapper\"><div class=\"motta-checklist__title\">Livraison en tr\u00e8s bon \u00c9tat<\/div><div class=\"motta-checklist__description\">Nous acheminons et livrons vos colis en prenant toutes les pr\u00e9cautions n\u00e9cessaires pour qu'ils vous parviennent en tr\u00e8s bon \u00e9tat<\/div><\/div><\/div><div class=\"motta-checklist__item motta-checklist__item--842f09a \"><div class=\"motta-checklist__icon\"><span class=\"motta-svg-icon motta-svg-icon--check\" ><svg width=\"24\" height=\"24\" aria-hidden=\"true\" role=\"img\" focusable=\"false\" viewBox=\"0 0 32 32\"><path d=\"M13.82 23.22l-6.88-6.88 2.12-2.12 4.76 4.76 9.12-9.14 2.12 2.12z\"><\/path><\/svg><\/span><\/div><div class=\"motta-checklist__wrapper\"><div class=\"motta-checklist__title\">Le suivi des commandes de bout en bout<\/div><div class=\"motta-checklist__description\">Depuis le moment o\u00f9 vous nous passez votre commande, nous vous communiquons r\u00e9guli\u00e8rement l'\u00e9tat d'avancement dans le processus d\u2019acheminement. vous pouvez \u00e9galement effectuer le check sur notre plateforme actuelle dans le menu Track<\/div><\/div><\/div>\t\t<\/div>\n\t\t\t\t<\/div>\n\t\t\t\t\t<\/div>\n\t\t<\/div>\n\t\t\t\t\t<\/div>\n\t\t<\/section>\n\t\t\t\t\t<\/div>\n\t\t<\/div>\n\t\t\t\t\t<\/div>\n\t\t<\/section>\n\t\t\t\t<section class=\"elementor-section elementor-top-section elementor-element elementor-element-638e5f69 elementor-section-stretched elementor-section-boxed elementor-section-height-default elementor-section-height-default motta-responsive-column motta-tablet-column--default motta-responsive-column motta-mobile-column--default\" data-id=\"638e5f69\" data-element_type=\"section\" data-settings=\"{&quot;stretch_section&quot;:&quot;section-stretched&quot;}\">\n\t\t\t\t\t\t<div class=\"elementor-container elementor-column-gap-no\">\n\t\t\t\t\t<div class=\"elementor-column elementor-col-100 elementor-top-column elementor-element elementor-element-7255e7d4\" data-id=\"7255e7d4\" data-element_type=\"column\">\n\t\t\t<div class=\"elementor-widget-wrap\">\n\t\t\t\t\t\t\t<\/div>\n\t\t<\/div>\n\t\t\t\t\t<\/div>\n\t\t<\/section>\n\t\t\t\t<\/div>\n\t\t","protected":false},"excerpt":{"rendered":"<p>Bien plus que de simples services Nos domaines d&rsquo;expertises Groupage de colis dans nos diff\u00e9rentes zones de ramassage 1- Augsburg, 2- Ulm, Stuttgart, 3- M\u00fcnchen, 4- N\u00fcrnberg, Bamberg Transport maritime et a\u00e9rien de l\u2019Allemagne vers le Cameroun 1- Augsburg, 2- Ulm, Stuttgart, 3- M\u00fcnchen, 4- N\u00fcrnberg, Bamberg Achat sur commande des produits neufs et d\u2019occasions [&hellip;]<\/p>\n","protected":false},"author":1,"featured_media":0,"parent":0,"menu_order":0,"comment_status":"closed","ping_status":"closed","template":"","meta":{"_joinchat":[],"footnotes":""},"_links":{"self":[{"href":"https:\/\/kensoh-store.com\/index.php\/wp-json\/wp\/v2\/pages\/21165"}],"collection":[{"href":"https:\/\/kensoh-store.com\/index.php\/wp-json\/wp\/v2\/pages"}],"about":[{"href":"https:\/\/kensoh-store.com\/index.php\/wp-json\/wp\/v2\/types\/page"}],"author":[{"embeddable":true,"href":"https:\/\/kensoh-store.com\/index.php\/wp-json\/wp\/v2\/users\/1"}],"replies":[{"embeddable":true,"href":"https:\/\/kensoh-store.com\/index.php\/wp-json\/wp\/v2\/comments?post=21165"}],"version-history":[{"count":70,"href":"https:\/\/kensoh-store.com\/index.php\/wp-json\/wp\/v2\/pages\/21165\/revisions"}],"predecessor-version":[{"id":21369,"href":"https:\/\/kensoh-store.com\/index.php\/wp-json\/wp\/v2\/pages\/21165\/revisions\/21369"}],"wp:attachment":[{"href":"https:\/\/kensoh-store.com\/index.php\/wp-json\/wp\/v2\/media?parent=21165"}],"curies":[{"name":"wp","href":"https:\/\/api.w.org\/{rel}","templated":true}]}}